{"id":2268,"date":"2022-06-27T11:03:06","date_gmt":"2022-06-27T09:03:06","guid":{"rendered":"https:\/\/www.comune.santacristinaebissone.pv.it\/web\/?page_id=2268"},"modified":"2022-08-30T10:37:12","modified_gmt":"2022-08-30T08:37:12","slug":"protezione-civile","status":"publish","type":"page","link":"https:\/\/www.comune.santacristinaebissone.pv.it\/web\/protezione-civile\/","title":{"rendered":"Protezione Civile"},"content":{"rendered":"<div class=\"row row-collapse row-full-width align-equal\"  id=\"row-842231599\">\n\n\n\t<div id=\"col-224308862\" class=\"col medium-4 small-12 large-2\"  >\n\t\t\t\t<div class=\"col-inner text-center dark\" style=\"background-color:rgb(242, 66, 54);\" >\n\t\t\t\n\t\t\t\n\n\n\t<a class=\"plain\" href=\"https:\/\/www.comune.santacristinaebissone.pv.it\/web\/amministrazione\/\"  >\t<div class=\"icon-box featured-box icon-box-center text-center\"  >\n\t\t\t\t\t<div class=\"icon-box-img\" style=\"width: 55px\">\n\t\t\t\t<div class=\"icon\">\n\t\t\t\t\t<div class=\"icon-inner\" >\n\t\t\t\t\t\t<img width=\"300\" height=\"300\" src=\"https:\/\/www.comune.santacristinaebissone.pv.it\/web\/wp-content\/uploads\/2022\/01\/comune-santa-cristina-e-bissone-icon-amministrazione.svg\" class=\"attachment-medium size-medium\" alt=\"comune santa cristina e bissone icon amministrazione\" loading=\"lazy\" \/>\t\t\t\t\t<\/div>\n\t\t\t\t<\/div>\n\t\t\t<\/div>\n\t\t\t\t<div class=\"icon-box-text last-reset\">\n\t\t\t\t\t\t\t\t\t\n\n<h3>L'Amministrazione<\/h3>\n\n\t\t<\/div>\n\t<\/div>\n\t<\/a>\n\t\n\n\t\t<\/div>\n\t\t\t\t\n<style>\n#col-224308862 > .col-inner {\n  padding: 20px 0px 20px 0px;\n}\n<\/style>\n\t<\/div>\n\n\t\n\n\t<div id=\"col-606589031\" class=\"col medium-4 small-12 large-2\"  >\n\t\t\t\t<div class=\"col-inner text-center dark\" style=\"background-color:rgb(7, 121, 228);\" >\n\t\t\t\n\t\t\t\n\n\n\t<a class=\"plain\" href=\"https:\/\/www.comune.santacristinaebissone.pv.it\/web\/uffici-e-servizi\/\"  >\t<div class=\"icon-box featured-box icon-box-center text-center\"  >\n\t\t\t\t\t<div class=\"icon-box-img\" style=\"width: 45px\">\n\t\t\t\t<div class=\"icon\">\n\t\t\t\t\t<div class=\"icon-inner\" >\n\t\t\t\t\t\t<svg xmlns=\"http:\/\/www.w3.org\/2000\/svg\" width=\"39.92\" height=\"40\" viewBox=\"0 0 39.92 40\"><g transform=\"translate(-4.984 -5)\"><g transform=\"translate(4.997 5)\"><rect width=\"39.908\" height=\"39.908\" fill=\"none\"\/><\/g><g transform=\"translate(4.984 5)\"><path d=\"M43.627,29.367a3.413,3.413,0,0,0-4.789.319l-3.432,3.671a3.521,3.521,0,0,0-3.352-2.474H25.908c-.479,0-.639-.16-1.437-.8a8.148,8.148,0,0,0-10.775,0l-2.235,2a3.249,3.249,0,0,0-3.193,0L5.635,33.358a1.271,1.271,0,0,0-.559,1.6L12.1,49a1.271,1.271,0,0,0,1.6.559l2.554-1.277a3.412,3.412,0,0,0,1.916-3.272H31.974a8.128,8.128,0,0,0,6.545-3.272l5.587-7.5A3.425,3.425,0,0,0,43.627,29.367ZM36.683,40.222l5.587-7.5a1.22,1.22,0,0,0-.16-1.6,1.234,1.234,0,0,0-1.676.08L35.406,36.79a3.443,3.443,0,0,1-2.554,1.117H26.068a1.2,1.2,0,1,1,0-2.394h5.986a1.2,1.2,0,0,0,0-2.394H25.908a4.167,4.167,0,0,1-2.953-1.357,5.933,5.933,0,0,0-7.742,0l-2.235,1.916,4.39,8.78H31.974A5.511,5.511,0,0,0,36.683,40.222Zm-21.47,5.826-1.516.8L7.711,34.874l1.516-.8a1.153,1.153,0,0,1,1.6.559l4.949,9.817A1.134,1.134,0,0,1,15.213,46.048Z\" transform=\"translate(-4.984 -9.653)\" fill=\"#009de0\" fill-rule=\"evenodd\"\/><path d=\"M33.136,12.982A4.743,4.743,0,0,0,29.7,5a4.855,4.855,0,0,0-4.789,4.789,4.8,4.8,0,0,0,1.357,3.272A7.119,7.119,0,0,0,22.6,19.287v1.2a1.228,1.228,0,0,0,1.2,1.2H35.53a1.228,1.228,0,0,0,1.2-1.2v-1.2A7.021,7.021,0,0,0,33.136,12.982ZM29.783,7.315A2.386,2.386,0,0,1,32.1,9.709a2.316,2.316,0,0,1-2.315,2.315,2.355,2.355,0,1,1,0-4.709Zm0,7.1a4.855,4.855,0,0,0-4.789,4.789h9.418A4.72,4.72,0,0,0,29.783,14.418Z\" transform=\"translate(-8.54 -5)\" fill=\"#009de0\" fill-rule=\"evenodd\"\/><\/g><\/g><\/svg>\t\t\t\t\t<\/div>\n\t\t\t\t<\/div>\n\t\t\t<\/div>\n\t\t\t\t<div class=\"icon-box-text last-reset\">\n\t\t\t\t\t\t\t\t\t\n\n<h3>Uffici & Servizi<\/h3>\n\n\t\t<\/div>\n\t<\/div>\n\t<\/a>\n\t\n\n\t\t<\/div>\n\t\t\t\t\n<style>\n#col-606589031 > .col-inner {\n  padding: 20px 0px 20px 0px;\n}\n<\/style>\n\t<\/div>\n\n\t\n\n\t<div id=\"col-1470203039\" class=\"col medium-4 small-12 large-2\"  >\n\t\t\t\t<div class=\"col-inner text-center\" style=\"background-color:rgb(255, 236, 1);\" >\n\t\t\t\n\t\t\t\n\n\n\t<a class=\"plain\" href=\"https:\/\/www.comune.santacristinaebissone.pv.it\/web\/servizi-online\/\"  >\t<div class=\"icon-box featured-box icon-box-center text-center\"  >\n\t\t\t\t\t<div class=\"icon-box-img\" style=\"width: 50px\">\n\t\t\t\t<div class=\"icon\">\n\t\t\t\t\t<div class=\"icon-inner\" >\n\t\t\t\t\t\t<img width=\"300\" height=\"300\" src=\"https:\/\/www.comune.santacristinaebissone.pv.it\/web\/wp-content\/uploads\/2022\/01\/comune-santa-cristina-e-bissone-icon-servizi-online.svg\" class=\"attachment-medium size-medium\" alt=\"comune santa cristina e bissone icon servizi online\" loading=\"lazy\" \/>\t\t\t\t\t<\/div>\n\t\t\t\t<\/div>\n\t\t\t<\/div>\n\t\t\t\t<div class=\"icon-box-text last-reset\">\n\t\t\t\t\t\t\t\t\t\n\n<h3>Servizi Online<\/h3>\n\n\t\t<\/div>\n\t<\/div>\n\t<\/a>\n\t\n\n\t\t<\/div>\n\t\t\t\t\n<style>\n#col-1470203039 > .col-inner {\n  padding: 20px 0px 20px 0px;\n}\n<\/style>\n\t<\/div>\n\n\t\n\n\t<div id=\"col-1183230489\" class=\"col medium-4 small-12 large-2\"  >\n\t\t\t\t<div class=\"col-inner text-center dark\" style=\"background-color:rgb(5, 199, 147);\" >\n\t\t\t\n\t\t\t\n\n\n\t<a class=\"plain\" href=\"https:\/\/www.comune.santacristinaebissone.pv.it\/web\/vivere-il-comune\/\"  >\t<div class=\"icon-box featured-box icon-box-center text-center\"  >\n\t\t\t\t\t<div class=\"icon-box-img\" style=\"width: 55px\">\n\t\t\t\t<div class=\"icon\">\n\t\t\t\t\t<div class=\"icon-inner\" >\n\t\t\t\t\t\t<img width=\"300\" height=\"300\" src=\"https:\/\/www.comune.santacristinaebissone.pv.it\/web\/wp-content\/uploads\/2022\/01\/comune-santa-cristina-e-bissone-icon-vivere-il-comune.svg\" class=\"attachment-medium size-medium\" alt=\"comune santa cristina e bissone icon vivere il comune\" loading=\"lazy\" \/>\t\t\t\t\t<\/div>\n\t\t\t\t<\/div>\n\t\t\t<\/div>\n\t\t\t\t<div class=\"icon-box-text last-reset\">\n\t\t\t\t\t\t\t\t\t\n\n<h3>Vivere il Comune<\/h3>\n\n\t\t<\/div>\n\t<\/div>\n\t<\/a>\n\t\n\n\t\t<\/div>\n\t\t\t\t\n<style>\n#col-1183230489 > .col-inner {\n  padding: 20px 0px 20px 0px;\n}\n<\/style>\n\t<\/div>\n\n\t\n\n\t<div id=\"col-1239334323\" class=\"col medium-4 small-12 large-2\"  >\n\t\t\t\t<div class=\"col-inner dark\" style=\"background-color:rgb(52, 62, 61);\" >\n\t\t\t\n\t\t\t\n\n\n\t<a class=\"plain\" href=\"https:\/\/www.comune.santacristinaebissone.pv.it\/web\/news\/\"  >\t<div class=\"icon-box featured-box icon-box-center text-center\"  >\n\t\t\t\t\t<div class=\"icon-box-img\" style=\"width: 55px\">\n\t\t\t\t<div class=\"icon\">\n\t\t\t\t\t<div class=\"icon-inner\" >\n\t\t\t\t\t\t<img width=\"300\" height=\"300\" src=\"https:\/\/www.comune.santacristinaebissone.pv.it\/web\/wp-content\/uploads\/2022\/01\/comune-santa-cristina-e-bissone-icon-news.svg\" class=\"attachment-medium size-medium\" alt=\"comune santa cristina e bissone icon news\" loading=\"lazy\" \/>\t\t\t\t\t<\/div>\n\t\t\t\t<\/div>\n\t\t\t<\/div>\n\t\t\t\t<div class=\"icon-box-text last-reset\">\n\t\t\t\t\t\t\t\t\t\n\n<h3>News & Eventi<\/h3>\n\n\t\t<\/div>\n\t<\/div>\n\t<\/a>\n\t\n\n\t\t<\/div>\n\t\t\t\t\n<style>\n#col-1239334323 > .col-inner {\n  padding: 20px 0px 20px 0px;\n}\n<\/style>\n\t<\/div>\n\n\t\n\n\t<div id=\"col-769516225\" class=\"col medium-4 small-12 large-2\"  >\n\t\t\t\t<div class=\"col-inner text-center\" style=\"background-color:rgb(153, 168, 178);\" >\n\t\t\t\n\t\t\t\n\n\n\t<a class=\"plain\" href=\"https:\/\/www.comune.santacristinaebissone.pv.it\/web\/contatti\/\"  >\t<div class=\"icon-box featured-box icon-box-center text-center\"  >\n\t\t\t\t\t<div class=\"icon-box-img\" style=\"width: 40px\">\n\t\t\t\t<div class=\"icon\">\n\t\t\t\t\t<div class=\"icon-inner\" >\n\t\t\t\t\t\t<img width=\"300\" height=\"300\" src=\"https:\/\/www.comune.santacristinaebissone.pv.it\/web\/wp-content\/uploads\/2022\/01\/comune-santa-cristina-e-bissone-icon-contatti.svg\" class=\"attachment-medium size-medium\" alt=\"comune santa cristina e bissone icon contatti\" loading=\"lazy\" \/>\t\t\t\t\t<\/div>\n\t\t\t\t<\/div>\n\t\t\t<\/div>\n\t\t\t\t<div class=\"icon-box-text last-reset\">\n\t\t\t\t\t\t\t\t\t\n\n<h3>Contatti<\/h3>\n\n\t\t<\/div>\n\t<\/div>\n\t<\/a>\n\t\n\n\t\t<\/div>\n\t\t\t\t\n<style>\n#col-769516225 > .col-inner {\n  padding: 20px 0px 20px 0px;\n}\n<\/style>\n\t<\/div>\n\n\t\n\n<\/div>\n\n  <div class=\"banner has-hover\" id=\"banner-1199393499\">\n          <div class=\"banner-inner fill\">\n        <div class=\"banner-bg fill\" >\n            <div class=\"bg fill bg-fill \"><\/div>\n                                    \n                    <\/div>\n\t\t\n        <div class=\"banner-layers container\">\n            <div class=\"fill banner-link\"><\/div>            \n        <\/div>\n      <\/div>\n\n            \n<style>\n#banner-1199393499 {\n  padding-top: 300px;\n}\n#banner-1199393499 .bg.bg-loaded {\n  background-image: url(https:\/\/www.comune.santacristinaebissone.pv.it\/web\/wp-content\/uploads\/2022\/06\/Comune-di-Santa-Cristina-e-Bissone-Protezione-civile.jpg);\n}\n#banner-1199393499 .bg {\n  background-position: 56% 25%;\n}\n#banner-1199393499 .ux-shape-divider--top svg {\n  height: 150px;\n  --divider-top-width: 100%;\n}\n#banner-1199393499 .ux-shape-divider--bottom svg {\n  height: 150px;\n  --divider-width: 100%;\n}\n@media (min-width:850px) {\n  #banner-1199393499 {\n    padding-top: 500px;\n  }\n}\n<\/style>\n  <\/div>\n\n\n\t<section class=\"section\" id=\"section_554161519\">\n\t\t<div class=\"bg section-bg fill bg-fill  bg-loaded\" >\n\n\t\t\t\n\t\t\t\n\t\t\t\n\n\t\t<\/div>\n\n\t\t\n\n\t\t<div class=\"section-content relative\">\n\t\t\t\n<div class=\"row\"  id=\"row-244523365\">\n\n\t<div id=\"col-435086534\" class=\"col small-12 large-12\"  >\n\t\t\t\t<div class=\"col-inner\"  >\n\t\t\t\n\t\t\t\n\t<div id=\"text-1390542782\" class=\"text\">\n\t\t\n<p><span class=\"online\"><a class=\"green\" href=\"https:\/\/www.comune.santacristinaebissone.pv.it\/web\/\">Home &gt;<\/a> <a class=\"green\" href=\"https:\/\/www.comune.santacristinaebissone.pv.it\/web\/vivere-il-comune\/\">Vivere il Comune &gt;<\/a><\/span><span class=\"uffici\"> Protezione Civile<\/span><\/p>\n<h1>Protezione Civile<\/h1>\n\t\t\n<style>\n#text-1390542782 {\n  font-size: 1.5rem;\n}\n<\/style>\n\t<\/div>\n\t\n\t<div id=\"gap-334176514\" class=\"gap-element clearfix\" style=\"display:block; height:auto;\">\n\t\t\n<style>\n#gap-334176514 {\n  padding-top: 30px;\n}\n<\/style>\n\t<\/div>\n\t\n<h3>ASSOCIAZIONE ONLUS GRUPPO INTERVENTO PAVESE<\/h3>\n<p>Il gruppo comunale protezione civile di S. Cristina e Bissone nasce il 17\/07\/1997 in attuazione alla legge n\u00b0 225\/92 in base alla quale i comuni devono dotarsi di un gruppo volontari protezione civile.<\/p>\n<p><strong>A seguito della riorganizzazione del sevizio il gruppo comunale ad agosto 2012 \u00e8 stato sciolto per confluire all&#8217;interno della Associazione Onlus Gruppo di Intervento Pavese con sede in Garlasco mantenendo la sede operativa locale presso l&#8217;edificio sede comunale con accesso da via Roma 6.<\/strong><\/p>\n<p>I compiti istituzionale della protezione civile sono relativi a: PREVISIONE, PREVENZIONE,SOCCORSO,SUPERAMENTO DELL\u2019EMERGENZA.<\/p>\n<p>PREVISIONE<br \/>Consiste nell\u2019attivit\u00e0 diretta allo studio ed alla determinazione delle cause dei vari fenomeni calamitosi, alla identificazione dei rischi ed alla individuazione delle zone del territorio soggette ai rischi stessi.<\/p>\n<p>PREVENZIONE<br \/>Consiste nelle attivit\u00e0 volte ad evitare o ridurre al minimo la possibilit\u00e0 che si verifichino danni conseguenti agli eventi naturali o antropici, anche sulla base delle conoscenze acquisite per effetto delle attivit\u00e0 di previsione.<\/p>\n<p>SOCCORSO<br \/> Consiste nell\u2019attuazione degli interventi diretti ad assicurare alle popolazioni colpite dagli eventi, ogni forma di assistenza primaria.<\/p>\n<p>SUPERAMENTO DELL\u2019EMERGENZA<br \/> Consiste unicamente nell\u2019attuazione, coordinata con gli organi istituzionali competenti, delle iniziative necessarie e indilazionabili volte a rimuovere gli ostacoli della ripresa alle normali condizioni di vita. I volontari sono formati periodicamente dagli enti competenti mediante corsi formativi (corso base del volontario, corso di primo soccorso, corso comunicazione radio, corso per il supporto psicologico). Nell\u2019ambito della provincia di Pavia, S. Cristina \u00e8 sede COM (Centro Operativo Misto) ovvero in caso di emergenza coordina le attivit\u00e0 di protezione civile dei comuni che ne fanno parte. Attualmente i comuni che fanno parte del nostro C.O.M sono:<\/p>\n<ul>\n<li>COSTA DE NOBILI<\/li>\n<li>ZERBO<\/li>\n<li>PIEVE PORTO MORONE<\/li>\n<li>BADIA PAVESE<\/li>\n<li>MONTICELLI PAVESE<\/li>\n<li>CHIGNOLO PO<\/li>\n<li>MIRADOLO TERME<\/li>\n<li>INVERNO E MONTE LEONE<\/li>\n<li>VILLANTERIO<\/li>\n<\/ul>\n<p>Nel corso degli anni abbiamo acquisito competenze specifiche e le attrezzature necessarie a svolgere al meglio le nostre attivit\u00e0. A breve sar\u00e0 inaugurata la nuova sede che disporr\u00e0 di una \u201cmoderna\u201d sala radio per le trasmissioni tra il COM e i vari enti competenti. Il gruppo si sta specializzando in logistica e a tale scopo si doter\u00e0 di un software per la gestione campi che gli permetter\u00e0 di svolgere tutte quelle attivit\u00e0 di supporto e di organizzazione necessarie per il corretto funzionamento e coordinamento dei campi di accoglienza.<\/p>\n<p><em>Per informazioni: Associazione Onlus &#8220;Gruppo Intervento Pavese C.V.P.C. Garlasco&#8221;<\/em><\/p>\n<p>Le attivit\u00e0 e gli interventi sono gestite ed organizzate localmente da un volontario designato quale referente del gruppo.<\/p>\n<p><strong>Referente in carica<\/strong>:<br \/>Sig. Flavio Cassinari <br \/>Sede: via Roma 6<\/p>\n\t\t<\/div>\n\t\t\t\t\n<style>\n#col-435086534 > .col-inner {\n  padding: 0px 10px 0px 10px;\n}\n@media (min-width:550px) {\n  #col-435086534 > .col-inner {\n    padding: 0px 20px 0px 20px;\n  }\n}\n<\/style>\n\t<\/div>\n\n\t\n<\/div>\n\t\t<\/div>\n\n\t\t\n<style>\n#section_554161519 {\n  padding-top: 30px;\n  padding-bottom: 30px;\n}\n#section_554161519 .ux-shape-divider--top svg {\n  height: 150px;\n  --divider-top-width: 100%;\n}\n#section_554161519 .ux-shape-divider--bottom svg {\n  height: 150px;\n  --divider-width: 100%;\n}\n@media (min-width:550px) {\n  #section_554161519 {\n    padding-top: 40px;\n    padding-bottom: 40px;\n  }\n}\n@media (min-width:850px) {\n  #section_554161519 {\n    padding-top: 30px;\n    padding-bottom: 30px;\n  }\n}\n<\/style>\n\t<\/section>\n\t\n","protected":false},"excerpt":{"rendered":"","protected":false},"author":1,"featured_media":0,"parent":0,"menu_order":0,"comment_status":"closed","ping_status":"closed","template":"page-blank.php","meta":{"inline_featured_image":false},"_links":{"self":[{"href":"https:\/\/www.comune.santacristinaebissone.pv.it\/web\/wp-json\/wp\/v2\/pages\/2268"}],"collection":[{"href":"https:\/\/www.comune.santacristinaebissone.pv.it\/web\/wp-json\/wp\/v2\/pages"}],"about":[{"href":"https:\/\/www.comune.santacristinaebissone.pv.it\/web\/wp-json\/wp\/v2\/types\/page"}],"author":[{"embeddable":true,"href":"https:\/\/www.comune.santacristinaebissone.pv.it\/web\/wp-json\/wp\/v2\/users\/1"}],"replies":[{"embeddable":true,"href":"https:\/\/www.comune.santacristinaebissone.pv.it\/web\/wp-json\/wp\/v2\/comments?post=2268"}],"version-history":[{"count":0,"href":"https:\/\/www.comune.santacristinaebissone.pv.it\/web\/wp-json\/wp\/v2\/pages\/2268\/revisions"}],"wp:attachment":[{"href":"https:\/\/www.comune.santacristinaebissone.pv.it\/web\/wp-json\/wp\/v2\/media?parent=2268"}],"curies":[{"name":"wp","href":"https:\/\/api.w.org\/{rel}","templated":true}]}}