{"id":492,"date":"2020-12-02T17:26:54","date_gmt":"2020-12-02T16:26:54","guid":{"rendered":"https:\/\/www.comune.santacristinaebissone.pv.it\/web\/?page_id=492"},"modified":"2025-01-25T09:27:57","modified_gmt":"2025-01-25T08:27:57","slug":"ufficio-tecnico","status":"publish","type":"page","link":"https:\/\/www.comune.santacristinaebissone.pv.it\/web\/uffici-e-servizi\/ufficio-tecnico\/","title":{"rendered":"Ufficio Tecnico"},"content":{"rendered":"<div class=\"row row-collapse row-full-width align-equal\"  id=\"row-1791962992\">\n\n\n\t<div id=\"col-476249933\" class=\"col medium-4 small-12 large-2\"  >\n\t\t\t\t<div class=\"col-inner text-center dark\" style=\"background-color:rgb(242, 66, 54);\" >\n\t\t\t\n\t\t\t\n\n\n\t<a class=\"plain\" href=\"https:\/\/www.comune.santacristinaebissone.pv.it\/web\/amministrazione\/\"  >\t<div class=\"icon-box featured-box icon-box-center text-center\"  >\n\t\t\t\t\t<div class=\"icon-box-img\" style=\"width: 55px\">\n\t\t\t\t<div class=\"icon\">\n\t\t\t\t\t<div class=\"icon-inner\" >\n\t\t\t\t\t\t<img width=\"300\" height=\"300\" src=\"https:\/\/www.comune.santacristinaebissone.pv.it\/web\/wp-content\/uploads\/2022\/01\/comune-santa-cristina-e-bissone-icon-amministrazione.svg\" class=\"attachment-medium size-medium\" alt=\"comune santa cristina e bissone icon amministrazione\" loading=\"lazy\" \/>\t\t\t\t\t<\/div>\n\t\t\t\t<\/div>\n\t\t\t<\/div>\n\t\t\t\t<div class=\"icon-box-text last-reset\">\n\t\t\t\t\t\t\t\t\t\n\n<h3>L'Amministrazione<\/h3>\n\n\t\t<\/div>\n\t<\/div>\n\t<\/a>\n\t\n\n\t\t<\/div>\n\t\t\t\t\n<style>\n#col-476249933 > .col-inner {\n  padding: 20px 0px 20px 0px;\n}\n<\/style>\n\t<\/div>\n\n\t\n\n\t<div id=\"col-1273573320\" class=\"col medium-4 small-12 large-2\"  >\n\t\t\t\t<div class=\"col-inner text-center dark\" style=\"background-color:rgb(7, 121, 228);\" >\n\t\t\t\n\t\t\t\n\n\n\t<a class=\"plain\" href=\"https:\/\/www.comune.santacristinaebissone.pv.it\/web\/uffici-e-servizi\/\"  >\t<div class=\"icon-box featured-box icon-box-center text-center\"  >\n\t\t\t\t\t<div class=\"icon-box-img\" style=\"width: 45px\">\n\t\t\t\t<div class=\"icon\">\n\t\t\t\t\t<div class=\"icon-inner\" >\n\t\t\t\t\t\t<svg xmlns=\"http:\/\/www.w3.org\/2000\/svg\" width=\"39.92\" height=\"40\" viewBox=\"0 0 39.92 40\"><g transform=\"translate(-4.984 -5)\"><g transform=\"translate(4.997 5)\"><rect width=\"39.908\" height=\"39.908\" fill=\"none\"\/><\/g><g transform=\"translate(4.984 5)\"><path d=\"M43.627,29.367a3.413,3.413,0,0,0-4.789.319l-3.432,3.671a3.521,3.521,0,0,0-3.352-2.474H25.908c-.479,0-.639-.16-1.437-.8a8.148,8.148,0,0,0-10.775,0l-2.235,2a3.249,3.249,0,0,0-3.193,0L5.635,33.358a1.271,1.271,0,0,0-.559,1.6L12.1,49a1.271,1.271,0,0,0,1.6.559l2.554-1.277a3.412,3.412,0,0,0,1.916-3.272H31.974a8.128,8.128,0,0,0,6.545-3.272l5.587-7.5A3.425,3.425,0,0,0,43.627,29.367ZM36.683,40.222l5.587-7.5a1.22,1.22,0,0,0-.16-1.6,1.234,1.234,0,0,0-1.676.08L35.406,36.79a3.443,3.443,0,0,1-2.554,1.117H26.068a1.2,1.2,0,1,1,0-2.394h5.986a1.2,1.2,0,0,0,0-2.394H25.908a4.167,4.167,0,0,1-2.953-1.357,5.933,5.933,0,0,0-7.742,0l-2.235,1.916,4.39,8.78H31.974A5.511,5.511,0,0,0,36.683,40.222Zm-21.47,5.826-1.516.8L7.711,34.874l1.516-.8a1.153,1.153,0,0,1,1.6.559l4.949,9.817A1.134,1.134,0,0,1,15.213,46.048Z\" transform=\"translate(-4.984 -9.653)\" fill=\"#009de0\" fill-rule=\"evenodd\"\/><path d=\"M33.136,12.982A4.743,4.743,0,0,0,29.7,5a4.855,4.855,0,0,0-4.789,4.789,4.8,4.8,0,0,0,1.357,3.272A7.119,7.119,0,0,0,22.6,19.287v1.2a1.228,1.228,0,0,0,1.2,1.2H35.53a1.228,1.228,0,0,0,1.2-1.2v-1.2A7.021,7.021,0,0,0,33.136,12.982ZM29.783,7.315A2.386,2.386,0,0,1,32.1,9.709a2.316,2.316,0,0,1-2.315,2.315,2.355,2.355,0,1,1,0-4.709Zm0,7.1a4.855,4.855,0,0,0-4.789,4.789h9.418A4.72,4.72,0,0,0,29.783,14.418Z\" transform=\"translate(-8.54 -5)\" fill=\"#009de0\" fill-rule=\"evenodd\"\/><\/g><\/g><\/svg>\t\t\t\t\t<\/div>\n\t\t\t\t<\/div>\n\t\t\t<\/div>\n\t\t\t\t<div class=\"icon-box-text last-reset\">\n\t\t\t\t\t\t\t\t\t\n\n<h3>Uffici & Servizi<\/h3>\n\n\t\t<\/div>\n\t<\/div>\n\t<\/a>\n\t\n\n\t\t<\/div>\n\t\t\t\t\n<style>\n#col-1273573320 > .col-inner {\n  padding: 20px 0px 20px 0px;\n}\n<\/style>\n\t<\/div>\n\n\t\n\n\t<div id=\"col-789246342\" class=\"col medium-4 small-12 large-2\"  >\n\t\t\t\t<div class=\"col-inner text-center\" style=\"background-color:rgb(255, 236, 1);\" >\n\t\t\t\n\t\t\t\n\n\n\t<a class=\"plain\" href=\"https:\/\/www.comune.santacristinaebissone.pv.it\/web\/servizi-online\/\"  >\t<div class=\"icon-box featured-box icon-box-center text-center\"  >\n\t\t\t\t\t<div class=\"icon-box-img\" style=\"width: 50px\">\n\t\t\t\t<div class=\"icon\">\n\t\t\t\t\t<div class=\"icon-inner\" >\n\t\t\t\t\t\t<img width=\"300\" height=\"300\" src=\"https:\/\/www.comune.santacristinaebissone.pv.it\/web\/wp-content\/uploads\/2022\/01\/comune-santa-cristina-e-bissone-icon-servizi-online.svg\" class=\"attachment-medium size-medium\" alt=\"comune santa cristina e bissone icon servizi online\" loading=\"lazy\" \/>\t\t\t\t\t<\/div>\n\t\t\t\t<\/div>\n\t\t\t<\/div>\n\t\t\t\t<div class=\"icon-box-text last-reset\">\n\t\t\t\t\t\t\t\t\t\n\n<h3>Servizi Online<\/h3>\n\n\t\t<\/div>\n\t<\/div>\n\t<\/a>\n\t\n\n\t\t<\/div>\n\t\t\t\t\n<style>\n#col-789246342 > .col-inner {\n  padding: 20px 0px 20px 0px;\n}\n<\/style>\n\t<\/div>\n\n\t\n\n\t<div id=\"col-1010377722\" class=\"col medium-4 small-12 large-2\"  >\n\t\t\t\t<div class=\"col-inner text-center dark\" style=\"background-color:rgb(5, 199, 147);\" >\n\t\t\t\n\t\t\t\n\n\n\t<a class=\"plain\" href=\"https:\/\/www.comune.santacristinaebissone.pv.it\/web\/vivere-il-comune\/\"  >\t<div class=\"icon-box featured-box icon-box-center text-center\"  >\n\t\t\t\t\t<div class=\"icon-box-img\" style=\"width: 55px\">\n\t\t\t\t<div class=\"icon\">\n\t\t\t\t\t<div class=\"icon-inner\" >\n\t\t\t\t\t\t<img width=\"300\" height=\"300\" src=\"https:\/\/www.comune.santacristinaebissone.pv.it\/web\/wp-content\/uploads\/2022\/01\/comune-santa-cristina-e-bissone-icon-vivere-il-comune.svg\" class=\"attachment-medium size-medium\" alt=\"comune santa cristina e bissone icon vivere il comune\" loading=\"lazy\" \/>\t\t\t\t\t<\/div>\n\t\t\t\t<\/div>\n\t\t\t<\/div>\n\t\t\t\t<div class=\"icon-box-text last-reset\">\n\t\t\t\t\t\t\t\t\t\n\n<h3>Vivere il Comune<\/h3>\n\n\t\t<\/div>\n\t<\/div>\n\t<\/a>\n\t\n\n\t\t<\/div>\n\t\t\t\t\n<style>\n#col-1010377722 > .col-inner {\n  padding: 20px 0px 20px 0px;\n}\n<\/style>\n\t<\/div>\n\n\t\n\n\t<div id=\"col-1027376650\" class=\"col medium-4 small-12 large-2\"  >\n\t\t\t\t<div class=\"col-inner dark\" style=\"background-color:rgb(52, 62, 61);\" >\n\t\t\t\n\t\t\t\n\n\n\t<a class=\"plain\" href=\"https:\/\/www.comune.santacristinaebissone.pv.it\/web\/news\/\"  >\t<div class=\"icon-box featured-box icon-box-center text-center\"  >\n\t\t\t\t\t<div class=\"icon-box-img\" style=\"width: 55px\">\n\t\t\t\t<div class=\"icon\">\n\t\t\t\t\t<div class=\"icon-inner\" >\n\t\t\t\t\t\t<img width=\"300\" height=\"300\" src=\"https:\/\/www.comune.santacristinaebissone.pv.it\/web\/wp-content\/uploads\/2022\/01\/comune-santa-cristina-e-bissone-icon-news.svg\" class=\"attachment-medium size-medium\" alt=\"comune santa cristina e bissone icon news\" loading=\"lazy\" \/>\t\t\t\t\t<\/div>\n\t\t\t\t<\/div>\n\t\t\t<\/div>\n\t\t\t\t<div class=\"icon-box-text last-reset\">\n\t\t\t\t\t\t\t\t\t\n\n<h3>News & Eventi<\/h3>\n\n\t\t<\/div>\n\t<\/div>\n\t<\/a>\n\t\n\n\t\t<\/div>\n\t\t\t\t\n<style>\n#col-1027376650 > .col-inner {\n  padding: 20px 0px 20px 0px;\n}\n<\/style>\n\t<\/div>\n\n\t\n\n\t<div id=\"col-830752915\" class=\"col medium-4 small-12 large-2\"  >\n\t\t\t\t<div class=\"col-inner text-center\" style=\"background-color:rgb(153, 168, 178);\" >\n\t\t\t\n\t\t\t\n\n\n\t<a class=\"plain\" href=\"https:\/\/www.comune.santacristinaebissone.pv.it\/web\/contatti\/\"  >\t<div class=\"icon-box featured-box icon-box-center text-center\"  >\n\t\t\t\t\t<div class=\"icon-box-img\" style=\"width: 40px\">\n\t\t\t\t<div class=\"icon\">\n\t\t\t\t\t<div class=\"icon-inner\" >\n\t\t\t\t\t\t<img width=\"300\" height=\"300\" src=\"https:\/\/www.comune.santacristinaebissone.pv.it\/web\/wp-content\/uploads\/2022\/01\/comune-santa-cristina-e-bissone-icon-contatti.svg\" class=\"attachment-medium size-medium\" alt=\"comune santa cristina e bissone icon contatti\" loading=\"lazy\" \/>\t\t\t\t\t<\/div>\n\t\t\t\t<\/div>\n\t\t\t<\/div>\n\t\t\t\t<div class=\"icon-box-text last-reset\">\n\t\t\t\t\t\t\t\t\t\n\n<h3>Contatti<\/h3>\n\n\t\t<\/div>\n\t<\/div>\n\t<\/a>\n\t\n\n\t\t<\/div>\n\t\t\t\t\n<style>\n#col-830752915 > .col-inner {\n  padding: 20px 0px 20px 0px;\n}\n<\/style>\n\t<\/div>\n\n\t\n\n<\/div>\n<div class=\"row row-collapse row-full-width align-equal\"  id=\"row-1848709637\">\n\n\t<div id=\"col-891575567\" class=\"col medium-12 small-12 large-6\"  >\n\t\t\t\t<div class=\"col-inner\"  >\n\t\t\t\n\t\t\t\n\t<div id=\"gap-1280404242\" class=\"gap-element clearfix\" style=\"display:block; height:auto;\">\n\t\t\n<style>\n#gap-1280404242 {\n  padding-top: 40px;\n}\n@media (min-width:850px) {\n  #gap-1280404242 {\n    padding-top: 80px;\n  }\n}\n<\/style>\n\t<\/div>\n\t\n<div class=\"row align-center\"  id=\"row-865868561\">\n\n\t<div id=\"col-1997336414\" class=\"col medium-10 small-12 large-7\"  >\n\t\t\t\t<div class=\"col-inner\"  >\n\t\t\t\n\t\t\t\n<p><span class=\"online\"><a class=\"blue\" href=\"https:\/\/www.comune.santacristinaebissone.pv.it\/web\/\">Home &gt;<\/a> <a class=\"blue\" href=\"https:\/\/www.comune.santacristinaebissone.pv.it\/web\/uffici-e-servizi\/\">Uffici e Servizi &gt;<\/a><\/span> <span class=\"uffici\"> Ufficio Tecnico<\/span><\/p>\n\t<div id=\"gap-136660020\" class=\"gap-element clearfix\" style=\"display:block; height:auto;\">\n\t\t\n<style>\n#gap-136660020 {\n  padding-top: 30px;\n}\n<\/style>\n\t<\/div>\n\t\n<h1>Ufficio Tecnico<\/h1>\n\t<div id=\"gap-1212783711\" class=\"gap-element clearfix\" style=\"display:block; height:auto;\">\n\t\t\n<style>\n#gap-1212783711 {\n  padding-top: 30px;\n}\n<\/style>\n\t<\/div>\n\t\n<p style=\"text-align: left;\"><strong>Dove:<\/strong><br \/>\nVia V. Veneto 5, 27010 Santa Cristina e Bissone (PV)<br \/>\n<strong>Telefono:<\/strong> 0382 &#8211; 70121 \/ 720187<br \/>\n<strong>Fax:<\/strong> 0382 -71351<br \/>\n<strong>Mail:<\/strong> <a href=\"mailto:ufficiotecnico@comune.santacristinaebissone.pv.it\">ufficiotecnico@comune.santacristinaebissone.pv.it<\/a><\/p>\n<hr \/>\n<h3>Orario settimanale<\/h3>\n\t<div id=\"gap-1197268590\" class=\"gap-element clearfix\" style=\"display:block; height:auto;\">\n\t\t\n<style>\n#gap-1197268590 {\n  padding-top: 30px;\n}\n<\/style>\n\t<\/div>\n\t\n<p><strong>Marted\u00ec<\/strong>: dalle 08:30 alle 12:00 e dalle 15:00 alle 16:30 &#8211; <strong>GIOVEDI&#8217; CHIUSO<\/strong><br \/>\n<strong>Sabato<\/strong>: dalle 08:00 alle 12:00<\/p>\n\t\t<\/div>\n\t\t\t\t\n<style>\n#col-1997336414 > .col-inner {\n  padding: 0px 10px 0px 10px;\n}\n<\/style>\n\t<\/div>\n\n\t\n<\/div>\n\t<div id=\"gap-257049951\" class=\"gap-element clearfix hide-for-small\" style=\"display:block; height:auto;\">\n\t\t\n<style>\n#gap-257049951 {\n  padding-top: 40px;\n}\n@media (min-width:850px) {\n  #gap-257049951 {\n    padding-top: 80px;\n  }\n}\n<\/style>\n\t<\/div>\n\t\n\t\t<\/div>\n\t\t\t\t\n<style>\n#col-891575567 > .col-inner {\n  padding: 0px 10px 0px 10px;\n}\n<\/style>\n\t<\/div>\n\n\t\n\n\t<div id=\"col-1506553978\" class=\"col medium-12 small-12 large-6\"  >\n\t\t\t\t<div class=\"col-inner\" style=\"background-color:rgba(153, 168, 178, 0.2);\" >\n\t\t\t\n\t\t\t\n\t<div id=\"gap-1695673593\" class=\"gap-element clearfix\" style=\"display:block; height:auto;\">\n\t\t\n<style>\n#gap-1695673593 {\n  padding-top: 50px;\n}\n@media (min-width:550px) {\n  #gap-1695673593 {\n    padding-top: 50px;\n  }\n}\n@media (min-width:850px) {\n  #gap-1695673593 {\n    padding-top: 280px;\n  }\n}\n<\/style>\n\t<\/div>\n\t\n<div class=\"row align-center\"  id=\"row-334975092\">\n\n\t<div id=\"col-2125295983\" class=\"col medium-10 small-12 large-7\"  >\n\t\t\t\t<div class=\"col-inner\"  >\n\t\t\t\n\t\t\t\n<h3>A chi rivolgersi<\/h3>\n<p><strong>Referente<\/strong>: Arch. Paolo Bersani<\/p>\n<h3>Ufficio Tecnico &#8211; Documentazione:<\/h3>\n<ul>\n<li><a href=\"https:\/\/www.comune.santacristinaebissone.pv.it\/web\/wp-content\/uploads\/2022\/01\/494N_REG-ED_maggio-2013_testo-30-05-2013.pdf\" target=\"_blank\" rel=\"noopener\">18.07.2013 Regolamento Edilizio approvato con DCC 20 del 10\/07\/2013<\/a><\/li>\n<li><a href=\"https:\/\/www.comune.santacristinaebissone.pv.it\/web\/wp-content\/uploads\/2022\/01\/488N_CO10-2013.pdf\" target=\"_blank\" rel=\"noopener\">03.06.2013 NUOVO REGOLAMENTO EDILIZIO<\/a><\/li>\n<li><a href=\"https:\/\/www.comune.santacristinaebissone.pv.it\/web\/wp-content\/uploads\/2022\/01\/475N_paes_finale_santacristina.pdf\" target=\"_blank\" rel=\"noopener\">26.03.2013 PAES &#8211; PIANO D&#8217;AZIONE PER L&#8217;ENERGIA SOSTENIBILE<\/a><\/li>\n<li><a href=\"https:\/\/www.comune.santacristinaebissone.pv.it\/web\/wp-content\/uploads\/2022\/01\/53N_B7D4.pdf\" target=\"_blank\" rel=\"noopener\">26.04.2010 Carta tecnica regionale B7D4<\/a><\/li>\n<li><a href=\"https:\/\/www.comune.santacristinaebissone.pv.it\/web\/wp-content\/uploads\/2022\/01\/54N_B7E4.pdf\" target=\"_blank\" rel=\"noopener\">26.04.2010 Carta tecnica regionale B7E4<\/a><\/li>\n<li><a href=\"https:\/\/www.comune.santacristinaebissone.pv.it\/web\/wp-content\/uploads\/2022\/01\/55N_B7E5.pdf\" target=\"_blank\" rel=\"noopener\">26.04.2010 Carta tecnica regionale B7E5<\/a><\/li>\n<\/ul>\n<hr \/>\n\t\t<\/div>\n\t\t\t\t\n<style>\n#col-2125295983 > .col-inner {\n  padding: 0px 20px 0px 20px;\n}\n<\/style>\n\t<\/div>\n\n\t\n<\/div>\n\t\t<\/div>\n\t\t\t\t\t<\/div>\n\n\t\n<\/div>\n<div class=\"row row-collapse row-full-width align-equal\"  id=\"row-1543819099\">\n\n\t<div id=\"col-1529753192\" class=\"col medium-6 small-12 large-6\"  >\n\t\t\t\t<div class=\"col-inner\"  >\n\t\t\t\n\t\t\t\n<div class=\"row align-center\"  id=\"row-1743255157\">\n\n\t<div id=\"col-890200633\" class=\"col medium-10 small-12 large-8\"  >\n\t\t\t\t<div class=\"col-inner\"  >\n\t\t\t\n\t\t\t\n<h3>SPORTELLO UNICO ATTIVITA&#8217; PRODUTTIVE<\/h3>\n<p><a href=\"http:\/\/www.impresainungiorno.gov.it\/route\/suap?codComune=I175\" target=\"_blank\" rel=\"noopener\">SUAP<\/a> associato alla Camera di Commercio di Pavia L&#8217;accesso telematico ai servizi dello sportello unico per le attivit\u00e0 produttivo avviene attraverso il portale <a href=\"http:\/\/www.impresainungiorno.gov.it\/\" target=\"_blank\" rel=\"noopener\">www.impresainungiorno.gov.it<\/a> secondo le modalit\u00e0 stabilite dall&#8217;accordo con le Camere di Commercio.<\/p>\n<p>La trasmissione in via telematica \u00e8 alternativa alla trasmissione cartacea fino al completamento dell&#8217;implementazione del servizio, \u00e8 pertanto facolt\u00e0 del richiedente utilizzare in alternativa l&#8217;una o l&#8217;altra modalit\u00e0 di trasmissione delle istanze.<\/p>\n\t\t<\/div>\n\t\t\t\t\n<style>\n#col-890200633 > .col-inner {\n  padding: 0px 10px 0px 10px;\n}\n@media (min-width:850px) {\n  #col-890200633 > .col-inner {\n    padding: 0px 0px 0px 30px;\n  }\n}\n<\/style>\n\t<\/div>\n\n\t\n<\/div>\n\t\t<\/div>\n\t\t\t\t\n<style>\n#col-1529753192 > .col-inner {\n  padding: 20px 10px 0px 10px;\n}\n@media (min-width:550px) {\n  #col-1529753192 > .col-inner {\n    padding: 50px 0px 0px 0px;\n  }\n}\n<\/style>\n\t<\/div>\n\n\t\n\n\t<div id=\"col-1194011647\" class=\"col medium-6 small-12 large-6\"  >\n\t\t\t\t<div class=\"col-inner\" style=\"background-color:rgba(153, 168, 178, 0.2);\" >\n\t\t\t\n\t\t\t\n<div class=\"row align-center\"  id=\"row-1753317634\">\n\n\t<div id=\"col-1150213561\" class=\"col medium-10 small-12 large-8\"  >\n\t\t\t\t<div class=\"col-inner\"  >\n\t\t\t\n\t\t\t\n<h3>SERVIZIO IDRICO INTEGRATO<\/h3>\n<p>(acquedotto &#8211; fognatura &#8211; depurazione)<\/p>\n<p><strong>PAVIA ACQUE Scarl<\/strong><br \/>\nVia Donegani 21 Pavia<br \/>\n<a href=\"http:\/\/www.paviaacque.it\" target=\"_blank\" rel=\"noopener\">http:\/\/www.paviaacque.it<\/a><br \/>\nTel. Servizio Guasti 24h 800992744<br \/>\nTel. Servizio Clienti 800193850<\/p>\n\t\t<\/div>\n\t\t\t\t\n<style>\n#col-1150213561 > .col-inner {\n  padding: 20px 10px 0px 10px;\n}\n@media (min-width:550px) {\n  #col-1150213561 > .col-inner {\n    padding: 50px 10px 0px 10px;\n  }\n}\n@media (min-width:850px) {\n  #col-1150213561 > .col-inner {\n    padding: 50px 0px 0px 30px;\n  }\n}\n<\/style>\n\t<\/div>\n\n\t\n<\/div>\n\t\t<\/div>\n\t\t\t\t\n<style>\n#col-1194011647 > .col-inner {\n  padding: 0px 10px 0px 10px;\n}\n<\/style>\n\t<\/div>\n\n\t\n\n\t<div id=\"col-174999919\" class=\"col medium-6 small-12 large-6\"  >\n\t\t\t\t<div class=\"col-inner\"  >\n\t\t\t\n\t\t\t\n<div class=\"row align-center\"  id=\"row-1229924118\">\n\n\t<div id=\"col-575965588\" class=\"col medium-10 small-12 large-8\"  >\n\t\t\t\t<div class=\"col-inner\"  >\n\t\t\t\n\t\t\t\n<h3>SERVIZIO DI DISTRIBUZIONE GAS METANO<\/h3>\n<p><strong>METANO NORD S.p.A.<\/strong><br \/>\nVia G. Verdi, 25 24121 BERGAMO<br \/>\nTel. 035\/24.74.65<br \/>\nFax 035\/23.36.63<\/p>\n\t\t<\/div>\n\t\t\t\t\n<style>\n#col-575965588 > .col-inner {\n  padding: 0px 10px 0px 10px;\n}\n@media (min-width:850px) {\n  #col-575965588 > .col-inner {\n    padding: 0px 0px 0px 30px;\n  }\n}\n<\/style>\n\t<\/div>\n\n\t\n<\/div>\n\t\t<\/div>\n\t\t\t\t\n<style>\n#col-174999919 > .col-inner {\n  padding: 20px 10px 0px 10px;\n}\n@media (min-width:550px) {\n  #col-174999919 > .col-inner {\n    padding: 50px 0px 0px 0px;\n  }\n}\n<\/style>\n\t<\/div>\n\n\t\n\n\t<div id=\"col-1770961483\" class=\"col medium-6 small-12 large-6\"  >\n\t\t\t\t<div class=\"col-inner\" style=\"background-color:rgba(153, 168, 178, 0.2);\" >\n\t\t\t\n\t\t\t\n<div class=\"row align-center\"  id=\"row-1216663615\">\n\n\t<div id=\"col-887269226\" class=\"col medium-10 small-12 large-8\"  >\n\t\t\t\t<div class=\"col-inner\"  >\n\t\t\t\n\t\t\t\n<h3>SERVIZI AMBIENTALI<\/h3>\n<p><strong>BRONI STRADELLA S.p.A.<\/strong><br \/>\nVia Cavour, 28 27049 Stradella (PV)<br \/>\nTel. 0385.43180\/246470<br \/>\nFax 0385.43108<br \/>\nE-mail: <a href=\"mailto:info@bronistradellaspa.it\">info@bronistradellaspa.it<\/a><br \/>\nCod. Fisc. e Part. IVA 01599690185<\/p>\n\t\t<\/div>\n\t\t\t\t\n<style>\n#col-887269226 > .col-inner {\n  padding: 20px 10px 0px 10px;\n}\n@media (min-width:550px) {\n  #col-887269226 > .col-inner {\n    padding: 50px 10px 0px 10px;\n  }\n}\n@media (min-width:850px) {\n  #col-887269226 > .col-inner {\n    padding: 50px 0px 0px 30px;\n  }\n}\n<\/style>\n\t<\/div>\n\n\t\n<\/div>\n\t\t<\/div>\n\t\t\t\t\n<style>\n#col-1770961483 > .col-inner {\n  padding: 0px 10px 0px 10px;\n}\n<\/style>\n\t<\/div>\n\n\t\n<\/div>\n","protected":false},"excerpt":{"rendered":"","protected":false},"author":1,"featured_media":0,"parent":202,"menu_order":0,"comment_status":"closed","ping_status":"closed","template":"page-blank.php","meta":{"inline_featured_image":false},"_links":{"self":[{"href":"https:\/\/www.comune.santacristinaebissone.pv.it\/web\/wp-json\/wp\/v2\/pages\/492"}],"collection":[{"href":"https:\/\/www.comune.santacristinaebissone.pv.it\/web\/wp-json\/wp\/v2\/pages"}],"about":[{"href":"https:\/\/www.comune.santacristinaebissone.pv.it\/web\/wp-json\/wp\/v2\/types\/page"}],"author":[{"embeddable":true,"href":"https:\/\/www.comune.santacristinaebissone.pv.it\/web\/wp-json\/wp\/v2\/users\/1"}],"replies":[{"embeddable":true,"href":"https:\/\/www.comune.santacristinaebissone.pv.it\/web\/wp-json\/wp\/v2\/comments?post=492"}],"version-history":[{"count":1,"href":"https:\/\/www.comune.santacristinaebissone.pv.it\/web\/wp-json\/wp\/v2\/pages\/492\/revisions"}],"predecessor-version":[{"id":3170,"href":"https:\/\/www.comune.santacristinaebissone.pv.it\/web\/wp-json\/wp\/v2\/pages\/492\/revisions\/3170"}],"up":[{"embeddable":true,"href":"https:\/\/www.comune.santacristinaebissone.pv.it\/web\/wp-json\/wp\/v2\/pages\/202"}],"wp:attachment":[{"href":"https:\/\/www.comune.santacristinaebissone.pv.it\/web\/wp-json\/wp\/v2\/media?parent=492"}],"curies":[{"name":"wp","href":"https:\/\/api.w.org\/{rel}","templated":true}]}}