{"id":648,"date":"2020-12-03T15:58:56","date_gmt":"2020-12-03T14:58:56","guid":{"rendered":"https:\/\/www.comune.santacristinaebissone.pv.it\/web\/?page_id=648"},"modified":"2024-07-03T09:56:29","modified_gmt":"2024-07-03T07:56:29","slug":"la-giunta-comunale","status":"publish","type":"page","link":"https:\/\/www.comune.santacristinaebissone.pv.it\/web\/amministrazione\/la-giunta-comunale\/","title":{"rendered":"La Giunta Comunale"},"content":{"rendered":"<div class=\"row row-collapse row-full-width align-equal\"  id=\"row-1885921436\">\n\n\n\t<div id=\"col-2057810067\" class=\"col medium-4 small-12 large-2\"  >\n\t\t\t\t<div class=\"col-inner text-center dark\" style=\"background-color:rgb(242, 66, 54);\" >\n\t\t\t\n\t\t\t\n\n\n\t<a class=\"plain\" href=\"https:\/\/www.comune.santacristinaebissone.pv.it\/web\/amministrazione\/\"  >\t<div class=\"icon-box featured-box icon-box-center text-center\"  >\n\t\t\t\t\t<div class=\"icon-box-img\" style=\"width: 55px\">\n\t\t\t\t<div class=\"icon\">\n\t\t\t\t\t<div class=\"icon-inner\" >\n\t\t\t\t\t\t<img width=\"300\" height=\"300\" src=\"https:\/\/www.comune.santacristinaebissone.pv.it\/web\/wp-content\/uploads\/2022\/01\/comune-santa-cristina-e-bissone-icon-amministrazione.svg\" class=\"attachment-medium size-medium\" alt=\"comune santa cristina e bissone icon amministrazione\" loading=\"lazy\" \/>\t\t\t\t\t<\/div>\n\t\t\t\t<\/div>\n\t\t\t<\/div>\n\t\t\t\t<div class=\"icon-box-text last-reset\">\n\t\t\t\t\t\t\t\t\t\n\n<h3>L'Amministrazione<\/h3>\n\n\t\t<\/div>\n\t<\/div>\n\t<\/a>\n\t\n\n\t\t<\/div>\n\t\t\t\t\n<style>\n#col-2057810067 > .col-inner {\n  padding: 20px 0px 20px 0px;\n}\n<\/style>\n\t<\/div>\n\n\t\n\n\t<div id=\"col-2046974925\" class=\"col medium-4 small-12 large-2\"  >\n\t\t\t\t<div class=\"col-inner text-center dark\" style=\"background-color:rgb(7, 121, 228);\" >\n\t\t\t\n\t\t\t\n\n\n\t<a class=\"plain\" href=\"https:\/\/www.comune.santacristinaebissone.pv.it\/web\/uffici-e-servizi\/\"  >\t<div class=\"icon-box featured-box icon-box-center text-center\"  >\n\t\t\t\t\t<div class=\"icon-box-img\" style=\"width: 45px\">\n\t\t\t\t<div class=\"icon\">\n\t\t\t\t\t<div class=\"icon-inner\" >\n\t\t\t\t\t\t<svg xmlns=\"http:\/\/www.w3.org\/2000\/svg\" width=\"39.92\" height=\"40\" viewBox=\"0 0 39.92 40\"><g transform=\"translate(-4.984 -5)\"><g transform=\"translate(4.997 5)\"><rect width=\"39.908\" height=\"39.908\" fill=\"none\"\/><\/g><g transform=\"translate(4.984 5)\"><path d=\"M43.627,29.367a3.413,3.413,0,0,0-4.789.319l-3.432,3.671a3.521,3.521,0,0,0-3.352-2.474H25.908c-.479,0-.639-.16-1.437-.8a8.148,8.148,0,0,0-10.775,0l-2.235,2a3.249,3.249,0,0,0-3.193,0L5.635,33.358a1.271,1.271,0,0,0-.559,1.6L12.1,49a1.271,1.271,0,0,0,1.6.559l2.554-1.277a3.412,3.412,0,0,0,1.916-3.272H31.974a8.128,8.128,0,0,0,6.545-3.272l5.587-7.5A3.425,3.425,0,0,0,43.627,29.367ZM36.683,40.222l5.587-7.5a1.22,1.22,0,0,0-.16-1.6,1.234,1.234,0,0,0-1.676.08L35.406,36.79a3.443,3.443,0,0,1-2.554,1.117H26.068a1.2,1.2,0,1,1,0-2.394h5.986a1.2,1.2,0,0,0,0-2.394H25.908a4.167,4.167,0,0,1-2.953-1.357,5.933,5.933,0,0,0-7.742,0l-2.235,1.916,4.39,8.78H31.974A5.511,5.511,0,0,0,36.683,40.222Zm-21.47,5.826-1.516.8L7.711,34.874l1.516-.8a1.153,1.153,0,0,1,1.6.559l4.949,9.817A1.134,1.134,0,0,1,15.213,46.048Z\" transform=\"translate(-4.984 -9.653)\" fill=\"#009de0\" fill-rule=\"evenodd\"\/><path d=\"M33.136,12.982A4.743,4.743,0,0,0,29.7,5a4.855,4.855,0,0,0-4.789,4.789,4.8,4.8,0,0,0,1.357,3.272A7.119,7.119,0,0,0,22.6,19.287v1.2a1.228,1.228,0,0,0,1.2,1.2H35.53a1.228,1.228,0,0,0,1.2-1.2v-1.2A7.021,7.021,0,0,0,33.136,12.982ZM29.783,7.315A2.386,2.386,0,0,1,32.1,9.709a2.316,2.316,0,0,1-2.315,2.315,2.355,2.355,0,1,1,0-4.709Zm0,7.1a4.855,4.855,0,0,0-4.789,4.789h9.418A4.72,4.72,0,0,0,29.783,14.418Z\" transform=\"translate(-8.54 -5)\" fill=\"#009de0\" fill-rule=\"evenodd\"\/><\/g><\/g><\/svg>\t\t\t\t\t<\/div>\n\t\t\t\t<\/div>\n\t\t\t<\/div>\n\t\t\t\t<div class=\"icon-box-text last-reset\">\n\t\t\t\t\t\t\t\t\t\n\n<h3>Uffici & Servizi<\/h3>\n\n\t\t<\/div>\n\t<\/div>\n\t<\/a>\n\t\n\n\t\t<\/div>\n\t\t\t\t\n<style>\n#col-2046974925 > .col-inner {\n  padding: 20px 0px 20px 0px;\n}\n<\/style>\n\t<\/div>\n\n\t\n\n\t<div id=\"col-257800999\" class=\"col medium-4 small-12 large-2\"  >\n\t\t\t\t<div class=\"col-inner text-center\" style=\"background-color:rgb(255, 236, 1);\" >\n\t\t\t\n\t\t\t\n\n\n\t<a class=\"plain\" href=\"https:\/\/www.comune.santacristinaebissone.pv.it\/web\/servizi-online\/\"  >\t<div class=\"icon-box featured-box icon-box-center text-center\"  >\n\t\t\t\t\t<div class=\"icon-box-img\" style=\"width: 50px\">\n\t\t\t\t<div class=\"icon\">\n\t\t\t\t\t<div class=\"icon-inner\" >\n\t\t\t\t\t\t<img width=\"300\" height=\"300\" src=\"https:\/\/www.comune.santacristinaebissone.pv.it\/web\/wp-content\/uploads\/2022\/01\/comune-santa-cristina-e-bissone-icon-servizi-online.svg\" class=\"attachment-medium size-medium\" alt=\"comune santa cristina e bissone icon servizi online\" loading=\"lazy\" \/>\t\t\t\t\t<\/div>\n\t\t\t\t<\/div>\n\t\t\t<\/div>\n\t\t\t\t<div class=\"icon-box-text last-reset\">\n\t\t\t\t\t\t\t\t\t\n\n<h3>Servizi Online<\/h3>\n\n\t\t<\/div>\n\t<\/div>\n\t<\/a>\n\t\n\n\t\t<\/div>\n\t\t\t\t\n<style>\n#col-257800999 > .col-inner {\n  padding: 20px 0px 20px 0px;\n}\n<\/style>\n\t<\/div>\n\n\t\n\n\t<div id=\"col-187129270\" class=\"col medium-4 small-12 large-2\"  >\n\t\t\t\t<div class=\"col-inner text-center dark\" style=\"background-color:rgb(5, 199, 147);\" >\n\t\t\t\n\t\t\t\n\n\n\t<a class=\"plain\" href=\"https:\/\/www.comune.santacristinaebissone.pv.it\/web\/vivere-il-comune\/\"  >\t<div class=\"icon-box featured-box icon-box-center text-center\"  >\n\t\t\t\t\t<div class=\"icon-box-img\" style=\"width: 55px\">\n\t\t\t\t<div class=\"icon\">\n\t\t\t\t\t<div class=\"icon-inner\" >\n\t\t\t\t\t\t<img width=\"300\" height=\"300\" src=\"https:\/\/www.comune.santacristinaebissone.pv.it\/web\/wp-content\/uploads\/2022\/01\/comune-santa-cristina-e-bissone-icon-vivere-il-comune.svg\" class=\"attachment-medium size-medium\" alt=\"comune santa cristina e bissone icon vivere il comune\" loading=\"lazy\" \/>\t\t\t\t\t<\/div>\n\t\t\t\t<\/div>\n\t\t\t<\/div>\n\t\t\t\t<div class=\"icon-box-text last-reset\">\n\t\t\t\t\t\t\t\t\t\n\n<h3>Vivere il Comune<\/h3>\n\n\t\t<\/div>\n\t<\/div>\n\t<\/a>\n\t\n\n\t\t<\/div>\n\t\t\t\t\n<style>\n#col-187129270 > .col-inner {\n  padding: 20px 0px 20px 0px;\n}\n<\/style>\n\t<\/div>\n\n\t\n\n\t<div id=\"col-2119624053\" class=\"col medium-4 small-12 large-2\"  >\n\t\t\t\t<div class=\"col-inner dark\" style=\"background-color:rgb(52, 62, 61);\" >\n\t\t\t\n\t\t\t\n\n\n\t<a class=\"plain\" href=\"https:\/\/www.comune.santacristinaebissone.pv.it\/web\/news\/\"  >\t<div class=\"icon-box featured-box icon-box-center text-center\"  >\n\t\t\t\t\t<div class=\"icon-box-img\" style=\"width: 55px\">\n\t\t\t\t<div class=\"icon\">\n\t\t\t\t\t<div class=\"icon-inner\" >\n\t\t\t\t\t\t<img width=\"300\" height=\"300\" src=\"https:\/\/www.comune.santacristinaebissone.pv.it\/web\/wp-content\/uploads\/2022\/01\/comune-santa-cristina-e-bissone-icon-news.svg\" class=\"attachment-medium size-medium\" alt=\"comune santa cristina e bissone icon news\" loading=\"lazy\" \/>\t\t\t\t\t<\/div>\n\t\t\t\t<\/div>\n\t\t\t<\/div>\n\t\t\t\t<div class=\"icon-box-text last-reset\">\n\t\t\t\t\t\t\t\t\t\n\n<h3>News & Eventi<\/h3>\n\n\t\t<\/div>\n\t<\/div>\n\t<\/a>\n\t\n\n\t\t<\/div>\n\t\t\t\t\n<style>\n#col-2119624053 > .col-inner {\n  padding: 20px 0px 20px 0px;\n}\n<\/style>\n\t<\/div>\n\n\t\n\n\t<div id=\"col-1663187790\" class=\"col medium-4 small-12 large-2\"  >\n\t\t\t\t<div class=\"col-inner text-center\" style=\"background-color:rgb(153, 168, 178);\" >\n\t\t\t\n\t\t\t\n\n\n\t<a class=\"plain\" href=\"https:\/\/www.comune.santacristinaebissone.pv.it\/web\/contatti\/\"  >\t<div class=\"icon-box featured-box icon-box-center text-center\"  >\n\t\t\t\t\t<div class=\"icon-box-img\" style=\"width: 40px\">\n\t\t\t\t<div class=\"icon\">\n\t\t\t\t\t<div class=\"icon-inner\" >\n\t\t\t\t\t\t<img width=\"300\" height=\"300\" src=\"https:\/\/www.comune.santacristinaebissone.pv.it\/web\/wp-content\/uploads\/2022\/01\/comune-santa-cristina-e-bissone-icon-contatti.svg\" class=\"attachment-medium size-medium\" alt=\"comune santa cristina e bissone icon contatti\" loading=\"lazy\" \/>\t\t\t\t\t<\/div>\n\t\t\t\t<\/div>\n\t\t\t<\/div>\n\t\t\t\t<div class=\"icon-box-text last-reset\">\n\t\t\t\t\t\t\t\t\t\n\n<h3>Contatti<\/h3>\n\n\t\t<\/div>\n\t<\/div>\n\t<\/a>\n\t\n\n\t\t<\/div>\n\t\t\t\t\n<style>\n#col-1663187790 > .col-inner {\n  padding: 20px 0px 20px 0px;\n}\n<\/style>\n\t<\/div>\n\n\t\n\n<\/div>\n<div class=\"row row-collapse row-full-width align-equal\"  id=\"row-2141821960\">\n\n\t<div id=\"col-205368970\" class=\"col medium-12 small-12 large-6\"  >\n\t\t\t\t<div class=\"col-inner\"  >\n\t\t\t\n\t\t\t\n\t<div id=\"gap-540009195\" class=\"gap-element clearfix\" style=\"display:block; height:auto;\">\n\t\t\n<style>\n#gap-540009195 {\n  padding-top: 40px;\n}\n@media (min-width:850px) {\n  #gap-540009195 {\n    padding-top: 80px;\n  }\n}\n<\/style>\n\t<\/div>\n\t\n<div class=\"row align-center\"  id=\"row-1089145062\">\n\n\t<div id=\"col-1995251728\" class=\"col medium-10 small-12 large-7\"  >\n\t\t\t\t<div class=\"col-inner\"  >\n\t\t\t\n\t\t\t\n<p><span class=\"online\"><a class=\"red\" href=\"https:\/\/www.comune.santacristinaebissone.pv.it\/web\/\">Home &gt;<\/a> <a class=\"red\" href=\"https:\/\/www.comune.santacristinaebissone.pv.it\/web\/amministrazione\/\">L&#8217;Amministrazione &gt;<\/a><\/span><span class=\"uffici\"> La Giunta Comunale<\/span><\/p>\n\t<div id=\"gap-2144614353\" class=\"gap-element clearfix\" style=\"display:block; height:auto;\">\n\t\t\n<style>\n#gap-2144614353 {\n  padding-top: 30px;\n}\n<\/style>\n\t<\/div>\n\t\n<h1>La Giunta Comunale<\/h1>\n\t<div class=\"img has-hover x md-x lg-x y md-y lg-y\" id=\"image_1719917353\">\n\t\t\t\t\t\t\t\t<div class=\"img-inner dark\" >\n\t\t\t\t\t\t\t\t\t\n\t\t\t\t\t<\/div>\n\t\t\t\t\t\t\t\t\n<style>\n#image_1719917353 {\n  width: 50%;\n}\n<\/style>\n\t<\/div>\n\t\n\t\t<\/div>\n\t\t\t\t\n<style>\n#col-1995251728 > .col-inner {\n  padding: 0px 10px 0px 10px;\n}\n<\/style>\n\t<\/div>\n\n\t\n<\/div>\n\t\t<\/div>\n\t\t\t\t\t<\/div>\n\n\t\n\n\t<div id=\"col-109290530\" class=\"col hide-for-medium medium-12 small-12 large-6\"  >\n\t\t\t\t<div class=\"col-inner\" style=\"background-color:rgba(153, 168, 178, 0.2);\" >\n\t\t\t\n\t\t\t\n\t\t<\/div>\n\t\t\t\t\t<\/div>\n\n\t\n<\/div>\n<div class=\"row row-collapse row-full-width\"  id=\"row-436973149\">\n\n\t<div id=\"col-2088130564\" class=\"col medium-6 small-12 large-6\"  >\n\t\t\t\t<div class=\"col-inner\"  >\n\t\t\t\n\t\t\t\n<div class=\"row align-center\"  id=\"row-1849812085\">\n\n\t<div id=\"col-1129249793\" class=\"col medium-10 small-12 large-7\"  >\n\t\t\t\t<div class=\"col-inner\"  >\n\t\t\t\n\t\t\t\n<h3>Sindaco<br \/>\nSig. Del Redentore Pietro Antonio<\/h3>\n\t\t<\/div>\n\t\t\t\t\n<style>\n#col-1129249793 > .col-inner {\n  padding: 0px 10px 0px 10px;\n}\n<\/style>\n\t<\/div>\n\n\t\n<\/div>\n\t\t<\/div>\n\t\t\t\t\t<\/div>\n\n\t\n\n\t<div id=\"col-1878633778\" class=\"col medium-6 small-12 large-6\"  >\n\t\t\t\t<div class=\"col-inner\" style=\"background-color:rgba(153, 168, 178, 0.2);\" >\n\t\t\t\n\t\t\t\n<div class=\"row align-center\"  id=\"row-1178603721\">\n\n\t<div id=\"col-1806612618\" class=\"col medium-10 small-12 large-7\"  >\n\t\t\t\t<div class=\"col-inner\"  >\n\t\t\t\n\t\t\t\n<hr \/>\n<p class=\"uffici\">Orario settimanale<\/p>\n<p><strong>Marted\u00ec<\/strong>: dalle ore 15.00 alle ore 17.00<br \/>\n<strong>Sabato<\/strong>: dalle ore 9.00 alle ore 12.00<\/p>\n<p>Solo <strong>su appuntamento<\/strong> telefonico o contattando l&#8217;ufficio di segreteria al seguente indirizzo di posta elettronica: <a href=\"mailto:ufficiosegreteria@comune.santacristinaebissone.pv.it\">ufficiosegreteria@comune.santacristinaebissone.pv.it<\/a><\/p>\n<hr \/>\n\t\t<\/div>\n\t\t\t\t\n<style>\n#col-1806612618 > .col-inner {\n  padding: 0px 10px 0px 10px;\n}\n<\/style>\n\t<\/div>\n\n\t\n<\/div>\n\t\t<\/div>\n\t\t\t\t\t<\/div>\n\n\t\n<\/div>\n<div class=\"row row-collapse row-full-width\"  id=\"row-1311257024\">\n\n\t<div id=\"col-942454684\" class=\"col medium-6 small-12 large-6\"  >\n\t\t\t\t<div class=\"col-inner\"  >\n\t\t\t\n\t\t\t\n<div class=\"row align-center\"  id=\"row-1150775381\">\n\n\t<div id=\"col-1261981139\" class=\"col medium-10 small-12 large-7\"  >\n\t\t\t\t<div class=\"col-inner\"  >\n\t\t\t\n\t\t\t\n\t<div id=\"gap-1148363801\" class=\"gap-element clearfix\" style=\"display:block; height:auto;\">\n\t\t\n<style>\n#gap-1148363801 {\n  padding-top: 50px;\n}\n<\/style>\n\t<\/div>\n\t\n<h3>Vicesindaco<br \/>\nSig. Ramaioli Siro Maria<\/h3>\n<h4>Assessore con deleghe ai Servizi Comunali e alla persona; Politiche sociali e della famiglia; Volontariato e pari opportunit\u00e0; Sicurezza urbana e vivibilit\u00e0; Commercio e Risorse agricole<\/h4>\n\t\t<\/div>\n\t\t\t\t\n<style>\n#col-1261981139 > .col-inner {\n  padding: 0px 10px 0px 10px;\n}\n<\/style>\n\t<\/div>\n\n\t\n<\/div>\n\t\t<\/div>\n\t\t\t\t\t<\/div>\n\n\t\n\n\t<div id=\"col-758349013\" class=\"col medium-6 small-12 large-6\"  >\n\t\t\t\t<div class=\"col-inner\" style=\"background-color:rgba(153, 168, 178, 0.2);\" >\n\t\t\t\n\t\t\t\n<div class=\"row align-center\"  id=\"row-940864125\">\n\n\t<div id=\"col-662977092\" class=\"col medium-10 small-12 large-7\"  >\n\t\t\t\t<div class=\"col-inner\"  >\n\t\t\t\n\t\t\t\n\t<div id=\"gap-857043344\" class=\"gap-element clearfix\" style=\"display:block; height:auto;\">\n\t\t\n<style>\n#gap-857043344 {\n  padding-top: 50px;\n}\n<\/style>\n\t<\/div>\n\t\n<hr \/>\n<p class=\"uffici\">Orario settimanale<\/p>\n<p><strong>Mercoled\u00ec<\/strong>: dalle ore 10.00 alle ore 12.00<\/p>\n<p>Solo <strong>su appuntamento<\/strong> telefonico o contattando l&#8217;ufficio di segreteria al seguente indirizzo di posta elettronica: <a href=\"mailto:ufficiosegreteria@comune.santacristinaebissone.pv.it\">ufficiosegreteria@comune.santacristinaebissone.pv.it<\/a><\/p>\n<hr \/>\n\t\t<\/div>\n\t\t\t\t\n<style>\n#col-662977092 > .col-inner {\n  padding: 0px 10px 0px 10px;\n}\n<\/style>\n\t<\/div>\n\n\t\n<\/div>\n\t\t<\/div>\n\t\t\t\t\t<\/div>\n\n\t\n<\/div>\n<div class=\"row row-collapse row-full-width\"  id=\"row-72097765\">\n\n\t<div id=\"col-972929703\" class=\"col medium-6 small-12 large-6\"  >\n\t\t\t\t<div class=\"col-inner\"  >\n\t\t\t\n\t\t\t\n<div class=\"row align-center\"  id=\"row-1127700572\">\n\n\t<div id=\"col-1253973194\" class=\"col medium-10 small-12 large-7\"  >\n\t\t\t\t<div class=\"col-inner\"  >\n\t\t\t\n\t\t\t\n\t<div id=\"gap-1372350518\" class=\"gap-element clearfix\" style=\"display:block; height:auto;\">\n\t\t\n<style>\n#gap-1372350518 {\n  padding-top: 50px;\n}\n<\/style>\n\t<\/div>\n\t\n<h3>Assessore<br \/>\nSig. Pedrazzini Sergio Gabriele<\/h3>\n<h4>Gestione infrastrutture ed edifici pubblici; Lavori pubblici ed urbanistica; Attivit\u00e0 produttive artigianali ed industriali; Ambiente, energia e sostenibilit\u00e0; Attivit\u00e0 e rapporti istituzionali<\/h4>\n\t\t<\/div>\n\t\t\t\t\n<style>\n#col-1253973194 > .col-inner {\n  padding: 0px 10px 0px 10px;\n}\n<\/style>\n\t<\/div>\n\n\t\n<\/div>\n\t\t<\/div>\n\t\t\t\t\t<\/div>\n\n\t\n\n\t<div id=\"col-306535489\" class=\"col medium-6 small-12 large-6\"  >\n\t\t\t\t<div class=\"col-inner\" style=\"background-color:rgba(153, 168, 178, 0.2);\" >\n\t\t\t\n\t\t\t\n<div class=\"row align-center\"  id=\"row-1557444336\">\n\n\t<div id=\"col-162588368\" class=\"col medium-10 small-12 large-7\"  >\n\t\t\t\t<div class=\"col-inner\"  >\n\t\t\t\n\t\t\t\n\t<div id=\"gap-1990420858\" class=\"gap-element clearfix\" style=\"display:block; height:auto;\">\n\t\t\n<style>\n#gap-1990420858 {\n  padding-top: 50px;\n}\n<\/style>\n\t<\/div>\n\t\n<hr \/>\n<p class=\"uffici\">Orario settimanale<\/p>\n<p><b>___________________<\/b><\/p>\n<p>Solo <strong>su appuntamento<\/strong> telefonico o contattando l&#8217;ufficio di segreteria al seguente indirizzo di posta elettronica: <a href=\"mailto:ufficiosegreteria@comune.santacristinaebissone.pv.it\">ufficiosegreteria@comune.santacristinaebissone.pv.it<\/a><\/p>\n<hr \/>\n\t\t<\/div>\n\t\t\t\t\n<style>\n#col-162588368 > .col-inner {\n  padding: 0px 10px 0px 10px;\n}\n<\/style>\n\t<\/div>\n\n\t\n<\/div>\n\t\t<\/div>\n\t\t\t\t\t<\/div>\n\n\t\n<\/div>\n","protected":false},"excerpt":{"rendered":"","protected":false},"author":1,"featured_media":0,"parent":136,"menu_order":0,"comment_status":"closed","ping_status":"closed","template":"page-blank.php","meta":{"inline_featured_image":false},"_links":{"self":[{"href":"https:\/\/www.comune.santacristinaebissone.pv.it\/web\/wp-json\/wp\/v2\/pages\/648"}],"collection":[{"href":"https:\/\/www.comune.santacristinaebissone.pv.it\/web\/wp-json\/wp\/v2\/pages"}],"about":[{"href":"https:\/\/www.comune.santacristinaebissone.pv.it\/web\/wp-json\/wp\/v2\/types\/page"}],"author":[{"embeddable":true,"href":"https:\/\/www.comune.santacristinaebissone.pv.it\/web\/wp-json\/wp\/v2\/users\/1"}],"replies":[{"embeddable":true,"href":"https:\/\/www.comune.santacristinaebissone.pv.it\/web\/wp-json\/wp\/v2\/comments?post=648"}],"version-history":[{"count":4,"href":"https:\/\/www.comune.santacristinaebissone.pv.it\/web\/wp-json\/wp\/v2\/pages\/648\/revisions"}],"predecessor-version":[{"id":3058,"href":"https:\/\/www.comune.santacristinaebissone.pv.it\/web\/wp-json\/wp\/v2\/pages\/648\/revisions\/3058"}],"up":[{"embeddable":true,"href":"https:\/\/www.comune.santacristinaebissone.pv.it\/web\/wp-json\/wp\/v2\/pages\/136"}],"wp:attachment":[{"href":"https:\/\/www.comune.santacristinaebissone.pv.it\/web\/wp-json\/wp\/v2\/media?parent=648"}],"curies":[{"name":"wp","href":"https:\/\/api.w.org\/{rel}","templated":true}]}}